{"id":255,"date":"2021-03-31T16:28:09","date_gmt":"2021-03-31T22:28:09","guid":{"rendered":"https:\/\/lunasacra.com\/?page_id=255"},"modified":"2021-07-28T12:25:42","modified_gmt":"2021-07-28T18:25:42","slug":"como-llegar","status":"publish","type":"page","link":"https:\/\/lunasacra.com\/en\/como-llegar\/","title":{"rendered":"Getting here"},"content":{"rendered":"<section class=\"wpb-content-wrapper\"><div class=\"vc_row wpb_row vc_row-fluid vc_custom_1617234746763\"><div class=\"wpb_column container-shadow vc_column_container vc_col-sm-12 vc_col-has-fill\"><div class=\"vc_column-inner vc_custom_1617229791651\"><div class=\"wpb_wrapper\">\n\t<div class=\"wpb_raw_code wpb_content_element wpb_raw_html\" >\n\t\t<div class=\"wpb_wrapper\">\n\t\t\t<div class=\"container-top-banner\">\n<h1 style=\"font-size: 2.5em; color: #616c19; text-align: center; text-transform: uppercase\" class=\"container-top-title\">\n<i class=\"fas fa-map-marked-alt\"><\/i> Getting here\n<\/h1>\n<\/div>\n\t\t<\/div>\n\t<\/div>\n<div class=\"vc_row wpb_row vc_inner vc_row-fluid no-bg vc_custom_1617232563875 vc_row-o-content-middle vc_row-flex\"><div class=\"wpb_column vc_column_container vc_col-sm-6\"><div class=\"vc_column-inner vc_custom_1617232664606\"><div class=\"wpb_wrapper\"><p style=\"font-size: 1.5em;color: #003300;text-align: left\" class=\"vc_custom_heading\" ><b>Getting here<\/b><\/p>\n\t<div class=\"wpb_text_column wpb_content_element vc_custom_1627496452616 color-scheme-dark text-larger\" >\n\t\t<div class=\"wpb_wrapper\">\n\t\t\t<p style=\"text-align: justify; color: #003300;\">Get directions on how to get there directly from your cell phone with the following link:<\/p>\n\n\t\t<\/div>\n\t<\/div>\n<p style=\"font-size: 1.5em;color: #ffffff;text-align: left\" class=\"vc_custom_heading vc_custom_1627496460479\" ><a href=\"https:\/\/goo.gl\/maps\/ToMzkyR8aq6BpTAt5\">https:\/\/goo.gl\/maps\/ToMzkyR8aq6BpTAt5<\/a><\/p><p style=\"font-size: 1.5em;color: #003300;text-align: left\" class=\"vc_custom_heading\" ><b><i class=\"fas fa-arrow-right\"><\/i> Coming from Guadalajara<\/b><\/p>\n\t<div class=\"wpb_text_column wpb_content_element vc_custom_1617652801310 color-scheme-dark text-larger\" >\n\t\t<div class=\"wpb_wrapper\">\n\t\t\t<p style=\"text-align: justify; color: #003300;\">We recommend driving at day taking the route Acatl\u00e1n de Ju\u00e1rez<\/p>\n\n\t\t<\/div>\n\t<\/div>\n<p style=\"font-size: 1.5em;color: #003300;text-align: left\" class=\"vc_custom_heading vc_custom_1617640778943\" ><b><i class=\"fas fa-undo-alt\"><\/i> Returning to Guadalajara<\/b><\/p>\n\t<div class=\"wpb_text_column wpb_content_element vc_custom_1627496674614 color-scheme-dark text-larger\" >\n\t\t<div class=\"wpb_wrapper\">\n\t\t\t<p style=\"text-align: justify; color: #003300;\">Leave Tapalpa and follow the road until you find the cruise to Ciudad Guzm\u00e1n - Guadalajara (free). Once there, turn left and that road will take you to the Colima \/ Guadalajara highway (fee) or you can stay on the same free highway until you reach Guadalajara.<\/p>\n\n\t\t<\/div>\n\t<\/div>\n<p style=\"font-size: 1.5em;color: #003300;text-align: left\" class=\"vc_custom_heading\" ><b><i class=\"fas fa-bus\"><\/i> By Bus from Guadalajara<\/b><\/p>\n\t<div class=\"wpb_text_column wpb_content_element color-scheme-dark text-larger\" >\n\t\t<div class=\"wpb_wrapper\">\n\t\t\t<p style=\"text-align: justify; color: #003300;\" class=\"translation-block\">You will have to take the bus in the old bus station (\"Central Vieja\") located one block from Calzada Independencia, at the end of Ni\u00f1os H\u00e9roes Av. The copany name is \"Linea Sur de Jalisco\".<strong> Estimated bus time: 3 hours.<\/strong><\/p>\n\n\t\t<\/div>\n\t<\/div>\n<\/div><\/div><\/div><div class=\"wpb_column vc_column_container vc_col-sm-6\"><div class=\"vc_column-inner\"><div class=\"wpb_wrapper\"><p style=\"font-size: 1.5em;color: #003300;text-align: center\" class=\"vc_custom_heading\" ><i class=\"fas fa-map-marker-alt\"><\/i> Get directions on how to get there:<\/p><p style=\"font-size: 1.5em;color: #ffffff;text-align: center\" class=\"vc_custom_heading vc_custom_1617236098029\" ><a href=\"https:\/\/goo.gl\/maps\/ToMzkyR8aq6BpTAt5\">https:\/\/goo.gl\/maps\/ToMzkyR8aq6BpTAt5<\/a><\/p>\n\t<div  class=\"wpb_single_image wpb_content_element vc_align_center image-border\">\n\t\t\n\t\t<figure class=\"wpb_wrapper vc_figure\">\n\t\t\t<div class=\"vc_single_image-wrapper   vc_box_border_grey\"><img loading=\"lazy\" decoding=\"async\" width=\"550\" height=\"550\" src=\"https:\/\/lunasacra.com\/wp-content\/uploads\/2021\/03\/mapatapalpa.png\" class=\"vc_single_image-img attachment-full\" alt=\"\" title=\"mapatapalpa\" srcset=\"https:\/\/lunasacra.com\/wp-content\/uploads\/2021\/03\/mapatapalpa.png 550w, https:\/\/lunasacra.com\/wp-content\/uploads\/2021\/03\/mapatapalpa-300x300.png 300w, https:\/\/lunasacra.com\/wp-content\/uploads\/2021\/03\/mapatapalpa-150x150.png 150w, https:\/\/lunasacra.com\/wp-content\/uploads\/2021\/03\/mapatapalpa-12x12.png 12w, https:\/\/lunasacra.com\/wp-content\/uploads\/2021\/03\/mapatapalpa-100x100.png 100w\" sizes=\"auto, (max-width: 550px) 100vw, 550px\" \/><\/div>\n\t\t<\/figure>\n\t<\/div>\n<\/div><\/div><\/div><\/div><\/div><\/div><\/div><\/div>\n<\/section>","protected":false},"excerpt":{"rendered":"C\u00f3mo llegar a Tapalpa Para llegar aqu\u00ed Consigue las indicaciones de c\u00f3mo llegar directamente desde tu celular con el siguiente","protected":false},"author":1,"featured_media":0,"parent":0,"menu_order":0,"comment_status":"closed","ping_status":"closed","template":"","meta":{"_joinchat":[],"footnotes":""},"class_list":["post-255","page","type-page","status-publish","hentry"],"_links":{"self":[{"href":"https:\/\/lunasacra.com\/en\/wp-json\/wp\/v2\/pages\/255","targetHints":{"allow":["GET"]}}],"collection":[{"href":"https:\/\/lunasacra.com\/en\/wp-json\/wp\/v2\/pages"}],"about":[{"href":"https:\/\/lunasacra.com\/en\/wp-json\/wp\/v2\/types\/page"}],"author":[{"embeddable":true,"href":"https:\/\/lunasacra.com\/en\/wp-json\/wp\/v2\/users\/1"}],"replies":[{"embeddable":true,"href":"https:\/\/lunasacra.com\/en\/wp-json\/wp\/v2\/comments?post=255"}],"version-history":[{"count":23,"href":"https:\/\/lunasacra.com\/en\/wp-json\/wp\/v2\/pages\/255\/revisions"}],"predecessor-version":[{"id":804,"href":"https:\/\/lunasacra.com\/en\/wp-json\/wp\/v2\/pages\/255\/revisions\/804"}],"wp:attachment":[{"href":"https:\/\/lunasacra.com\/en\/wp-json\/wp\/v2\/media?parent=255"}],"curies":[{"name":"wp","href":"https:\/\/api.w.org\/{rel}","templated":true}]}}