{"id":375,"date":"2021-04-01T17:08:41","date_gmt":"2021-04-01T23:08:41","guid":{"rendered":"https:\/\/lunasacra.com\/?post_type=product&#038;p=375"},"modified":"2026-02-28T13:43:14","modified_gmt":"2026-02-28T19:43:14","slug":"brillo-de-luna","status":"publish","type":"product","link":"https:\/\/lunasacra.com\/en\/product\/brillo-de-luna\/","title":{"rendered":"Brillo de Luna"},"content":{"rendered":"<p data-start=\"0\" data-end=\"81\">\n<hr data-start=\"83\" data-end=\"86\" \/>\n<p data-start=\"88\" data-end=\"170\"><strong data-start=\"88\" data-end=\"170\">Habitaci\u00f3n con Dos Camas Matrimoniales \u2013 Comodidad y excelente servicio para tu descanso<\/strong><\/p>\n<p data-start=\"172\" data-end=\"365\">Disfruta de una estancia c\u00f3moda, pr\u00e1ctica y acogedora en nuestra Habitaci\u00f3n Doble con dos camas matrimoniales, ideal para familias peque\u00f1as, amigos o viajeros que buscan confort y tranquilidad.<\/p>\n<p data-start=\"367\" data-end=\"642\">Cada espacio est\u00e1 pensado para brindarte un descanso reparador, con camas amplias y confortables que te invitan a relajarte despu\u00e9s de un d\u00eda de actividades. La habitaci\u00f3n ofrece un ambiente limpio, funcional y agradable, perfecto tanto para viajes de placer como de trabajo.<\/p>\n<p data-start=\"644\" data-end=\"811\">Adem\u00e1s, contamos con WiFi gratuito para que puedas mantenerte conectado en todo momento, ya sea para trabajar, planear tus recorridos o compartir tus mejores momentos.<\/p>\n<p data-start=\"813\" data-end=\"1045\">Nuestro compromiso es ofrecerte un servicio c\u00e1lido y atento, haciendo que te sientas bienvenido desde el primer momento. Aqu\u00ed encontrar\u00e1s la combinaci\u00f3n ideal entre comodidad, buena atenci\u00f3n y una excelente experiencia de hospedaje.<\/p>","protected":false},"excerpt":{"rendered":"<p>1 bedroom, 2 double beds, bathroom, TV\/Cable.<\/p>","protected":false},"featured_media":600,"comment_status":"closed","ping_status":"closed","template":"","meta":{"_joinchat":[]},"product_brand":[],"product_cat":[22],"product_tag":[],"class_list":{"0":"post-375","1":"product","2":"type-product","3":"status-publish","4":"has-post-thumbnail","6":"product_cat-doble","8":"first","9":"onbackorder","10":"taxable","11":"shipping-taxable","12":"purchasable","13":"product-type-variable"},"_links":{"self":[{"href":"https:\/\/lunasacra.com\/en\/wp-json\/wp\/v2\/product\/375","targetHints":{"allow":["GET"]}}],"collection":[{"href":"https:\/\/lunasacra.com\/en\/wp-json\/wp\/v2\/product"}],"about":[{"href":"https:\/\/lunasacra.com\/en\/wp-json\/wp\/v2\/types\/product"}],"replies":[{"embeddable":true,"href":"https:\/\/lunasacra.com\/en\/wp-json\/wp\/v2\/comments?post=375"}],"wp:featuredmedia":[{"embeddable":true,"href":"https:\/\/lunasacra.com\/en\/wp-json\/wp\/v2\/media\/600"}],"wp:attachment":[{"href":"https:\/\/lunasacra.com\/en\/wp-json\/wp\/v2\/media?parent=375"}],"wp:term":[{"taxonomy":"product_brand","embeddable":true,"href":"https:\/\/lunasacra.com\/en\/wp-json\/wp\/v2\/product_brand?post=375"},{"taxonomy":"product_cat","embeddable":true,"href":"https:\/\/lunasacra.com\/en\/wp-json\/wp\/v2\/product_cat?post=375"},{"taxonomy":"product_tag","embeddable":true,"href":"https:\/\/lunasacra.com\/en\/wp-json\/wp\/v2\/product_tag?post=375"}],"curies":[{"name":"wp","href":"https:\/\/api.w.org\/{rel}","templated":true}]}}