{"id":380,"date":"2021-04-01T17:14:35","date_gmt":"2021-04-01T23:14:35","guid":{"rendered":"https:\/\/lunasacra.com\/?post_type=product&#038;p=380"},"modified":"2026-02-28T13:52:57","modified_gmt":"2026-02-28T19:52:57","slug":"ensueno-de-luna","status":"publish","type":"product","link":"https:\/\/lunasacra.com\/en\/product\/ensueno-de-luna\/","title":{"rendered":"Ensue\u00f1o de Luna"},"content":{"rendered":"<hr data-start=\"77\" data-end=\"80\" \/>\n<p data-start=\"82\" data-end=\"155\"><strong data-start=\"82\" data-end=\"155\">Jr. Suite con Chimenea \u2013 Elegancia, confort y calidez en cada detalle<\/strong><\/p>\n<p data-start=\"157\" data-end=\"308\">Disfruta una experiencia superior en nuestra Jr. Suite, un espacio dise\u00f1ado para combinar descanso, estilo y ese toque acogedor que hace la diferencia.<\/p>\n<p data-start=\"310\" data-end=\"576\">La habitaci\u00f3n cuenta con una amplia y confortable cama king size, perfecta para un descanso profundo y reparador. La sala independiente, equipada con aut\u00e9nticos muebles de equipal, crea un ambiente c\u00e1lido y tradicional que invita a relajarse y disfrutar del momento.<\/p>\n<p data-start=\"578\" data-end=\"927\">La chimenea se convierte en el coraz\u00f3n de la suite, especialmente en las noches frescas, cuando el suave crepitar del fuego y su luz envolvente transforman el espacio en un refugio \u00edntimo y lleno de encanto. La mesa\/comedor a\u00f1ade funcionalidad y comodidad, mientras que el frigobar te permite tener siempre a la mano tus bebidas o antojos favoritos.<\/p>\n<p data-start=\"929\" data-end=\"1057\">Con WiFi gratis, podr\u00e1s mantenerte conectado si lo necesitas, aunque el ambiente invita a desconectarse y simplemente disfrutar.<\/p>\n<p data-start=\"1059\" data-end=\"1193\">Ideal para escapadas rom\u00e1nticas, fines de semana especiales o para quienes buscan un poco m\u00e1s de amplitud y distinci\u00f3n en su estancia.<\/p>","protected":false},"excerpt":{"rendered":"<p>Rec\u00e1mara con cama king size, ba\u00f1o completo, sala comedor con chimenea, frigobar, Wifi, TV\/Cable<\/p>","protected":false},"featured_media":611,"comment_status":"closed","ping_status":"closed","template":"","meta":{"_joinchat":[]},"product_brand":[],"product_cat":[24],"product_tag":[],"class_list":{"0":"post-380","1":"product","2":"type-product","3":"status-publish","4":"has-post-thumbnail","6":"product_cat-suite","8":"first","9":"onbackorder","10":"taxable","11":"shipping-taxable","12":"purchasable","13":"product-type-variable"},"_links":{"self":[{"href":"https:\/\/lunasacra.com\/en\/wp-json\/wp\/v2\/product\/380","targetHints":{"allow":["GET"]}}],"collection":[{"href":"https:\/\/lunasacra.com\/en\/wp-json\/wp\/v2\/product"}],"about":[{"href":"https:\/\/lunasacra.com\/en\/wp-json\/wp\/v2\/types\/product"}],"replies":[{"embeddable":true,"href":"https:\/\/lunasacra.com\/en\/wp-json\/wp\/v2\/comments?post=380"}],"wp:featuredmedia":[{"embeddable":true,"href":"https:\/\/lunasacra.com\/en\/wp-json\/wp\/v2\/media\/611"}],"wp:attachment":[{"href":"https:\/\/lunasacra.com\/en\/wp-json\/wp\/v2\/media?parent=380"}],"wp:term":[{"taxonomy":"product_brand","embeddable":true,"href":"https:\/\/lunasacra.com\/en\/wp-json\/wp\/v2\/product_brand?post=380"},{"taxonomy":"product_cat","embeddable":true,"href":"https:\/\/lunasacra.com\/en\/wp-json\/wp\/v2\/product_cat?post=380"},{"taxonomy":"product_tag","embeddable":true,"href":"https:\/\/lunasacra.com\/en\/wp-json\/wp\/v2\/product_tag?post=380"}],"curies":[{"name":"wp","href":"https:\/\/api.w.org\/{rel}","templated":true}]}}