{"id":383,"date":"2021-04-01T17:29:08","date_gmt":"2021-04-01T23:29:08","guid":{"rendered":"https:\/\/lunasacra.com\/?post_type=product&#038;p=383"},"modified":"2026-02-28T12:28:23","modified_gmt":"2026-02-28T18:28:23","slug":"luz-de-luna","status":"publish","type":"product","link":"https:\/\/lunasacra.com\/en\/product\/luz-de-luna\/","title":{"rendered":"Luz de Luna"},"content":{"rendered":"<p data-start=\"112\" data-end=\"190\"><strong data-start=\"112\" data-end=\"190\">Suite Familiar con Chimenea \u2013 Calidez, tradici\u00f3n y momentos para compartir<\/strong><\/p>\n<p data-start=\"192\" data-end=\"419\">Vive la magia de Tapalpa en un espacio dise\u00f1ado para reunir, disfrutar y crear recuerdos inolvidables. Nuestra Suite Familiar combina amplitud, comodidad y ese encanto pueblerino que hace de cada estancia una experiencia \u00fanica.<\/p>\n<p data-start=\"421\" data-end=\"854\">Cuenta con una habitaci\u00f3n privada dentro de la suite equipada con dos c\u00f3modas camas matrimoniales, perfecta para el descanso de toda la familia. La acogedora sala con muebles de equipal y una encantadora chimenea se convierte en el coraz\u00f3n del espacio: en las noches fr\u00edas de Tapalpa, el crepitar de la le\u00f1a, la luz c\u00e1lida del fuego y ese inconfundible aroma a madera crean una atm\u00f3sfera \u00edntima, nost\u00e1lgica y profundamente rom\u00e1ntica.<\/p>\n<p data-start=\"856\" data-end=\"1198\">El comedor y la cocineta completamente equipada te brindan la libertad de preparar tus propios alimentos, ideal para estancias prolongadas o para quienes disfrutan sentirse como en casa. Adem\u00e1s, el balc\u00f3n y el espacio de barra invitan a compartir un caf\u00e9 por la ma\u00f1ana o una copa de vino al atardecer, respirando el aire fresco de la monta\u00f1a.<\/p>\n<p data-start=\"1200\" data-end=\"1413\">Perfecta para familias, escapadas especiales o largas temporadas, esta suite es m\u00e1s que un alojamiento: es un refugio c\u00e1lido donde el tiempo se disfruta sin prisas, al ritmo del fuego y la tranquilidad de Tapalpa.<\/p>","protected":false},"excerpt":{"rendered":"<p>Suite Familiar con dos camas matrimoniales, sala, chimenea, comedor, cocieneta completa, balcon, wifi.<\/p>","protected":false},"featured_media":626,"comment_status":"closed","ping_status":"closed","template":"","meta":{"_joinchat":[]},"product_brand":[],"product_cat":[25],"product_tag":[],"class_list":{"0":"post-383","1":"product","2":"type-product","3":"status-publish","4":"has-post-thumbnail","6":"product_cat-suite-familiar","8":"first","9":"onbackorder","10":"taxable","11":"shipping-taxable","12":"purchasable","13":"product-type-variable"},"_links":{"self":[{"href":"https:\/\/lunasacra.com\/en\/wp-json\/wp\/v2\/product\/383","targetHints":{"allow":["GET"]}}],"collection":[{"href":"https:\/\/lunasacra.com\/en\/wp-json\/wp\/v2\/product"}],"about":[{"href":"https:\/\/lunasacra.com\/en\/wp-json\/wp\/v2\/types\/product"}],"replies":[{"embeddable":true,"href":"https:\/\/lunasacra.com\/en\/wp-json\/wp\/v2\/comments?post=383"}],"wp:featuredmedia":[{"embeddable":true,"href":"https:\/\/lunasacra.com\/en\/wp-json\/wp\/v2\/media\/626"}],"wp:attachment":[{"href":"https:\/\/lunasacra.com\/en\/wp-json\/wp\/v2\/media?parent=383"}],"wp:term":[{"taxonomy":"product_brand","embeddable":true,"href":"https:\/\/lunasacra.com\/en\/wp-json\/wp\/v2\/product_brand?post=383"},{"taxonomy":"product_cat","embeddable":true,"href":"https:\/\/lunasacra.com\/en\/wp-json\/wp\/v2\/product_cat?post=383"},{"taxonomy":"product_tag","embeddable":true,"href":"https:\/\/lunasacra.com\/en\/wp-json\/wp\/v2\/product_tag?post=383"}],"curies":[{"name":"wp","href":"https:\/\/api.w.org\/{rel}","templated":true}]}}