{"id":565,"date":"2021-05-21T13:12:38","date_gmt":"2021-05-21T19:12:38","guid":{"rendered":"https:\/\/lunasacra.com\/?post_type=product&#038;p=565"},"modified":"2026-02-28T13:49:12","modified_gmt":"2026-02-28T19:49:12","slug":"luna-de-xelaju","status":"publish","type":"product","link":"https:\/\/lunasacra.com\/en\/product\/luna-de-xelaju\/","title":{"rendered":"Luna de Xelaju"},"content":{"rendered":"<p data-start=\"72\" data-end=\"156\"><strong data-start=\"72\" data-end=\"156\">Habitaci\u00f3n para 6 Personas \u2013 Espacio, comodidad y privacidad para todos<\/strong><\/p>\n<p data-start=\"158\" data-end=\"411\">Comparte momentos inolvidables en una habitaci\u00f3n dise\u00f1ada especialmente para grupos de hasta seis personas. Amplia, c\u00f3moda y funcional, es la opci\u00f3n perfecta para familias grandes o grupos de amigos que desean hospedarse juntos sin sacrificar comodidad.<\/p>\n<p data-start=\"413\" data-end=\"777\">La habitaci\u00f3n cuenta con dos camas matrimoniales y dos camas individuales, ofreciendo el espacio ideal para que cada hu\u00e9sped descanse plenamente. Adem\u00e1s, una de las camas matrimoniales dispone de una divisi\u00f3n de privacidad, creando un ambiente m\u00e1s \u00edntimo dentro del mismo espacio \u2014 perfecto para quienes desean un poco m\u00e1s de independencia sin separarse del grupo.<\/p>\n<p data-start=\"779\" data-end=\"896\">Con WiFi gratis, podr\u00e1n mantenerse conectados, planear sus actividades o compartir sus mejores recuerdos al instante.<\/p>\n<p data-start=\"898\" data-end=\"1060\">Aqu\u00ed encontrar\u00e1s el equilibrio perfecto entre amplitud, confort y practicidad, acompa\u00f1ado siempre de un servicio c\u00e1lido que har\u00e1 que todos se sientan bienvenidos.<\/p>\n<p data-start=\"1062\" data-end=\"1126\">Ideal para viajar juntos, convivir m\u00e1s y disfrutar cada momento.<\/p>","protected":false},"excerpt":{"rendered":"<p>Perfecta para grupos de hasta 6 personas. Rec\u00e1mara con 2 camas matrimoniales, 2 camas individuales, ba\u00f1o completo, TV\/cable y Wifi<\/p>","protected":false},"featured_media":196,"comment_status":"closed","ping_status":"closed","template":"","meta":{"_joinchat":[]},"product_brand":[],"product_cat":[31],"product_tag":[],"class_list":{"0":"post-565","1":"product","2":"type-product","3":"status-publish","4":"has-post-thumbnail","6":"product_cat-para-grupos","8":"first","9":"onbackorder","10":"taxable","11":"shipping-taxable","12":"purchasable","13":"product-type-variable"},"_links":{"self":[{"href":"https:\/\/lunasacra.com\/en\/wp-json\/wp\/v2\/product\/565","targetHints":{"allow":["GET"]}}],"collection":[{"href":"https:\/\/lunasacra.com\/en\/wp-json\/wp\/v2\/product"}],"about":[{"href":"https:\/\/lunasacra.com\/en\/wp-json\/wp\/v2\/types\/product"}],"replies":[{"embeddable":true,"href":"https:\/\/lunasacra.com\/en\/wp-json\/wp\/v2\/comments?post=565"}],"wp:featuredmedia":[{"embeddable":true,"href":"https:\/\/lunasacra.com\/en\/wp-json\/wp\/v2\/media\/196"}],"wp:attachment":[{"href":"https:\/\/lunasacra.com\/en\/wp-json\/wp\/v2\/media?parent=565"}],"wp:term":[{"taxonomy":"product_brand","embeddable":true,"href":"https:\/\/lunasacra.com\/en\/wp-json\/wp\/v2\/product_brand?post=565"},{"taxonomy":"product_cat","embeddable":true,"href":"https:\/\/lunasacra.com\/en\/wp-json\/wp\/v2\/product_cat?post=565"},{"taxonomy":"product_tag","embeddable":true,"href":"https:\/\/lunasacra.com\/en\/wp-json\/wp\/v2\/product_tag?post=565"}],"curies":[{"name":"wp","href":"https:\/\/api.w.org\/{rel}","templated":true}]}}